{"id":143,"date":"2024-12-27T16:26:28","date_gmt":"2024-12-27T15:26:28","guid":{"rendered":"https:\/\/unlivre-unreve.fr\/?page_id=143"},"modified":"2024-12-27T16:35:26","modified_gmt":"2024-12-27T15:35:26","slug":"si-jetais-un-verbe","status":"publish","type":"page","link":"https:\/\/unlivre-unreve.fr\/index.php\/si-jetais-un-verbe\/","title":{"rendered":"Si j&#8217;\u00e9tais un verbe, ce serait &#8220;\u00c9crire&#8221;"},"content":{"rendered":"\n<p class=\"has-vivid-purple-color has-text-color has-link-color wp-elements-9bd379ff9064d238cf5963d222b73696\" style=\"line-height:1\">\u00c9crire l\u2019anecdotique de l\u2019enfance,<\/p>\n\n\n\n<p class=\"has-vivid-purple-color has-text-color has-link-color wp-elements-a2fbf601c7bdcaf78b4f169f4e6e335a\" style=\"line-height:1\">\u00c9crire pour raconter sa journ\u00e9e,<\/p>\n\n\n\n<p class=\"has-vivid-purple-color has-text-color has-link-color wp-elements-30ac0310f8b9f805e6f90115f838a14b\" style=\"line-height:1\"><a><\/a>\u00c9crire pour apprendre,<\/p>\n\n\n\n<p class=\"has-vivid-purple-color has-text-color has-link-color wp-elements-27ddef5e858fea8b1483fe2769ca45e9\" style=\"line-height:1\">\u00c9crire pour comprendre, pour imaginer, r\u00eaver&#8230;<\/p>\n\n\n\n<p class=\"has-vivid-purple-color has-text-color has-link-color wp-elements-e5aa6ea94b2e26fe413e08d736cc9cdf\" style=\"line-height:1\">Puis \u00e9crire pour se souvenir. Ou au contraire pour oublier, se lib\u00e9rer.<\/p>\n\n\n\n<p class=\"has-vivid-purple-color has-text-color has-link-color wp-elements-14880fd8aca91a4b72e4394fec9abf53\" style=\"line-height:1\">Enfin, \u00e9crire pour vivre, pour aimer.<\/p>\n\n\n\n<p class=\"has-vivid-purple-color has-text-color has-link-color wp-elements-c0a72aa4f94dc26ca38c14c0829930cf\" style=\"line-height:1\">Lancer des mots comme des oiseaux.<\/p>\n\n\n\n<p class=\"has-vivid-purple-color has-text-color has-link-color wp-elements-a9cf35fa641b84a9641ef4c8454e356d\" style=\"line-height:1\">\u00c9crire pour s\u2019envoler.<\/p>\n\n\n\n<p class=\"has-vivid-purple-color has-text-color has-link-color wp-elements-06af28d25e0ca1116444157b838f7c5d\" style=\"line-height:1\">\u00c9crire pour partager.<\/p>\n\n\n\n<p class=\"has-vivid-purple-color has-text-color has-link-color wp-elements-0831cd839b13bfcf2eac8c68169aec01\" style=\"line-height:1\">Autant de verbes que d\u2019envies &#8230;<\/p>\n\n\n\n<p class=\"has-vivid-purple-color has-text-color has-link-color wp-elements-bd033ae356e976413029c7b60c4e676e\" style=\"line-height:1\">Telles sont mes sources de motivation -certes, au fil du temps, fluctuantes-<\/p>\n\n\n\n<p class=\"has-vivid-purple-color has-text-color has-link-color wp-elements-0ba6d8add06ccebbf485d0b2ad25369f\" style=\"line-height:1\">Mais toujours la m\u00eame constante : \u00c9crire !<\/p>\n","protected":false},"excerpt":{"rendered":"<p>\u00c9crire l\u2019anecdotique de l\u2019enfance, \u00c9crire pour raconter sa journ\u00e9e, \u00c9crire pour apprendre, \u00c9crire pour comprendre, pour imaginer, r\u00eaver&#8230; Puis \u00e9crire [&hellip;]<\/p>\n","protected":false},"author":1,"featured_media":0,"parent":0,"menu_order":0,"comment_status":"closed","ping_status":"closed","template":"","meta":{"_acf_changed":false,"site-sidebar-layout":"default","site-content-layout":"","ast-site-content-layout":"","site-content-style":"default","site-sidebar-style":"default","ast-global-header-display":"","ast-banner-title-visibility":"","ast-main-header-display":"","ast-hfb-above-header-display":"","ast-hfb-below-header-display":"","ast-hfb-mobile-header-display":"","site-post-title":"","ast-breadcrumbs-content":"","ast-featured-img":"","footer-sml-layout":"","theme-transparent-header-meta":"","adv-header-id-meta":"","stick-header-meta":"","header-above-stick-meta":"","header-main-stick-meta":"","header-below-stick-meta":"","astra-migrate-meta-layouts":"default","ast-page-background-enabled":"default","ast-page-background-meta":{"desktop":{"background-color":"var(--ast-global-color-4)","background-image":"","background-repeat":"repeat","background-position":"center center","background-size":"auto","background-attachment":"scroll","background-type":"","background-media":"","overlay-type":"","overlay-color":"","overlay-opacity":"","overlay-gradient":""},"tablet":{"background-color":"","background-image":"","background-repeat":"repeat","background-position":"center center","background-size":"auto","background-attachment":"scroll","background-type":"","background-media":"","overlay-type":"","overlay-color":"","overlay-opacity":"","overlay-gradient":""},"mobile":{"background-color":"","background-image":"","background-repeat":"repeat","background-position":"center center","background-size":"auto","background-attachment":"scroll","background-type":"","background-media":"","overlay-type":"","overlay-color":"","overlay-opacity":"","overlay-gradient":""}},"ast-content-background-meta":{"desktop":{"background-color":"var(--ast-global-color-5)","background-image":"","background-repeat":"repeat","background-position":"center center","background-size":"auto","background-attachment":"scroll","background-type":"","background-media":"","overlay-type":"","overlay-color":"","overlay-opacity":"","overlay-gradient":""},"tablet":{"background-color":"var(--ast-global-color-5)","background-image":"","background-repeat":"repeat","background-position":"center center","background-size":"auto","background-attachment":"scroll","background-type":"","background-media":"","overlay-type":"","overlay-color":"","overlay-opacity":"","overlay-gradient":""},"mobile":{"background-color":"var(--ast-global-color-5)","background-image":"","background-repeat":"repeat","background-position":"center center","background-size":"auto","background-attachment":"scroll","background-type":"","background-media":"","overlay-type":"","overlay-color":"","overlay-opacity":"","overlay-gradient":""}},"footnotes":""},"class_list":["post-143","page","type-page","status-publish","hentry"],"acf":[],"_links":{"self":[{"href":"https:\/\/unlivre-unreve.fr\/index.php\/wp-json\/wp\/v2\/pages\/143","targetHints":{"allow":["GET"]}}],"collection":[{"href":"https:\/\/unlivre-unreve.fr\/index.php\/wp-json\/wp\/v2\/pages"}],"about":[{"href":"https:\/\/unlivre-unreve.fr\/index.php\/wp-json\/wp\/v2\/types\/page"}],"author":[{"embeddable":true,"href":"https:\/\/unlivre-unreve.fr\/index.php\/wp-json\/wp\/v2\/users\/1"}],"replies":[{"embeddable":true,"href":"https:\/\/unlivre-unreve.fr\/index.php\/wp-json\/wp\/v2\/comments?post=143"}],"version-history":[{"count":9,"href":"https:\/\/unlivre-unreve.fr\/index.php\/wp-json\/wp\/v2\/pages\/143\/revisions"}],"predecessor-version":[{"id":154,"href":"https:\/\/unlivre-unreve.fr\/index.php\/wp-json\/wp\/v2\/pages\/143\/revisions\/154"}],"wp:attachment":[{"href":"https:\/\/unlivre-unreve.fr\/index.php\/wp-json\/wp\/v2\/media?parent=143"}],"curies":[{"name":"wp","href":"https:\/\/api.w.org\/{rel}","templated":true}]}}