{"id":1469,"date":"2025-07-15T10:16:15","date_gmt":"2025-07-15T08:16:15","guid":{"rendered":"https:\/\/unlivre-unreve.fr\/?page_id=1469"},"modified":"2025-08-14T15:07:45","modified_gmt":"2025-08-14T13:07:45","slug":"ecrire","status":"publish","type":"page","link":"https:\/\/unlivre-unreve.fr\/index.php\/ecrire\/","title":{"rendered":"\u00c9crire et correspondre"},"content":{"rendered":"\t\t<div data-elementor-type=\"wp-page\" data-elementor-id=\"1469\" class=\"elementor elementor-1469\">\n\t\t\t\t<div class=\"elementor-element elementor-element-e7438ad e-flex e-con-boxed e-con e-parent\" data-id=\"e7438ad\" data-element_type=\"container\">\n\t\t\t\t\t<div class=\"e-con-inner\">\n\t\t\t\t<div class=\"elementor-element elementor-element-29aa518 elementor-invisible elementor-widget elementor-widget-heading\" data-id=\"29aa518\" data-element_type=\"widget\" data-settings=\"{&quot;_animation&quot;:&quot;fadeIn&quot;}\" data-widget_type=\"heading.default\">\n\t\t\t\t<div class=\"elementor-widget-container\">\n\t\t\t\t\t<h2 class=\"elementor-heading-title elementor-size-default\">\u00c9crire et correspondre<\/h2>\t\t\t\t<\/div>\n\t\t\t\t<\/div>\n\t\t\t\t<div class=\"elementor-element elementor-element-eabf983 elementor-widget elementor-widget-text-editor\" data-id=\"eabf983\" data-element_type=\"widget\" data-widget_type=\"text-editor.default\">\n\t\t\t\t<div class=\"elementor-widget-container\">\n\t\t\t\t\t\t\t\t\t<p style=\"text-align: center;\">\u00a0<span style=\"color: #000000;\">&#8220;\u00c9crire, c&#8217;est transformer \u00e0 l&#8217;aide de la grammaire un chagrin en bonheur.&#8221;\u00a0 J.d&#8217;ormesson<\/span><\/p>\t\t\t\t\t\t\t\t<\/div>\n\t\t\t\t<\/div>\n\t\t\t\t<div class=\"elementor-element elementor-element-5c38216 elementor-invisible elementor-widget elementor-widget-image\" data-id=\"5c38216\" data-element_type=\"widget\" data-settings=\"{&quot;_animation&quot;:&quot;fadeIn&quot;}\" data-widget_type=\"image.default\">\n\t\t\t\t<div class=\"elementor-widget-container\">\n\t\t\t\t\t\t\t\t\t\t\t\t\t\t\t<img fetchpriority=\"high\" decoding=\"async\" width=\"300\" height=\"300\" src=\"https:\/\/unlivre-unreve.fr\/wp-content\/uploads\/2025\/07\/Image-maman-300x300.png\" class=\"attachment-medium size-medium wp-image-1471\" alt=\"\" srcset=\"https:\/\/unlivre-unreve.fr\/wp-content\/uploads\/2025\/07\/elementor\/thumbs\/Image-maman-r8sbw9evuzxq0eba3jvbdwzsp6xmom7hka2zglx29k.png 300w, https:\/\/unlivre-unreve.fr\/wp-content\/uploads\/2025\/07\/Image-maman-150x150.png 150w, https:\/\/unlivre-unreve.fr\/wp-content\/uploads\/2025\/07\/Image-maman-768x768.png 768w, https:\/\/unlivre-unreve.fr\/wp-content\/uploads\/2025\/07\/elementor\/thumbs\/Image-maman-r8sbw9ex2uq5meh0igqhhzu5qj59cdf7g2o5m0eaao.png 400w, https:\/\/unlivre-unreve.fr\/wp-content\/uploads\/2025\/07\/Image-maman.png 1024w\" sizes=\"(max-width: 300px) 100vw, 300px\" \/>\t\t\t\t\t\t\t\t\t\t\t\t\t\t\t<\/div>\n\t\t\t\t<\/div>\n\t\t\t\t<div class=\"elementor-element elementor-element-c0acfb7 elementor-widget elementor-widget-text-editor\" data-id=\"c0acfb7\" data-element_type=\"widget\" data-widget_type=\"text-editor.default\">\n\t\t\t\t<div class=\"elementor-widget-container\">\n\t\t\t\t\t\t\t\t\t<p style=\"text-align: center;\"><span style=\"color: #333333;\">\u00c9crire \u00e0 quelqu&#8217;un &#8211; c&#8217;est-\u00e0-dire correspondre-,<br \/>c&#8217;est recr\u00e9er une pr\u00e9sence ou plut\u00f4t rappeler \u00e0 soi des fragments de pr\u00e9sence.\u00a0<\/span><\/p>\t\t\t\t\t\t\t\t<\/div>\n\t\t\t\t<\/div>\n\t\t\t\t<div class=\"elementor-element elementor-element-a44040a elementor-invisible elementor-widget elementor-widget-text-editor\" data-id=\"a44040a\" data-element_type=\"widget\" data-settings=\"{&quot;_animation&quot;:&quot;fadeIn&quot;}\" data-widget_type=\"text-editor.default\">\n\t\t\t\t<div class=\"elementor-widget-container\">\n\t\t\t\t\t\t\t\t\t<p style=\"text-align: left;\"><span style=\"color: #333333; font-size: 16px;\">\u00c7a c&#8217;est de moi ! \ud83d\ude09<\/span><\/p><div dir=\"auto\" style=\"text-align: left;\"><div dir=\"auto\">\u00a0<\/div><\/div><div dir=\"auto\" style=\"text-align: left;\"><span style=\"color: #333333;\">(\u00a0<i>&#8220;on devrait correspondre puisque tu me corresponds&#8221;<\/i> \ud83c\udfb6\u00a0 <a href=\"https:\/\/youtu.be\/8Q4PsU3o_r0?si=FWKp5JSNw1lSNmdZ\"><span style=\"color: #000000;\">Francis Cabrel &#8211; Tu me corresponds\u00a0<\/span><\/a>) <\/span><\/div>\t\t\t\t\t\t\t\t<\/div>\n\t\t\t\t<\/div>\n\t\t\t\t\t<\/div>\n\t\t\t\t<\/div>\n\t\t\t\t<\/div>\n\t\t","protected":false},"excerpt":{"rendered":"<p>\u00c9crire et correspondre \u00a0&#8220;\u00c9crire, c&#8217;est transformer \u00e0 l&#8217;aide de la grammaire un chagrin en bonheur.&#8221;\u00a0 J.d&#8217;ormesson \u00c9crire \u00e0 quelqu&#8217;un &#8211; [&hellip;]<\/p>\n","protected":false},"author":1,"featured_media":0,"parent":0,"menu_order":0,"comment_status":"closed","ping_status":"closed","template":"","meta":{"_acf_changed":false,"site-sidebar-layout":"no-sidebar","site-content-layout":"","ast-site-content-layout":"full-width-container","site-content-style":"default","site-sidebar-style":"default","ast-global-header-display":"","ast-banner-title-visibility":"","ast-main-header-display":"","ast-hfb-above-header-display":"","ast-hfb-below-header-display":"","ast-hfb-mobile-header-display":"","site-post-title":"disabled","ast-breadcrumbs-content":"","ast-featured-img":"disabled","footer-sml-layout":"","theme-transparent-header-meta":"","adv-header-id-meta":"","stick-header-meta":"","header-above-stick-meta":"","header-main-stick-meta":"","header-below-stick-meta":"","astra-migrate-meta-layouts":"default","ast-page-background-enabled":"default","ast-page-background-meta":{"desktop":{"background-color":"var(--ast-global-color-4)","background-image":"","background-repeat":"repeat","background-position":"center center","background-size":"auto","background-attachment":"scroll","background-type":"","background-media":"","overlay-type":"","overlay-color":"","overlay-opacity":"","overlay-gradient":""},"tablet":{"background-color":"","background-image":"","background-repeat":"repeat","background-position":"center center","background-size":"auto","background-attachment":"scroll","background-type":"","background-media":"","overlay-type":"","overlay-color":"","overlay-opacity":"","overlay-gradient":""},"mobile":{"background-color":"","background-image":"","background-repeat":"repeat","background-position":"center center","background-size":"auto","background-attachment":"scroll","background-type":"","background-media":"","overlay-type":"","overlay-color":"","overlay-opacity":"","overlay-gradient":""}},"ast-content-background-meta":{"desktop":{"background-color":"var(--ast-global-color-5)","background-image":"","background-repeat":"repeat","background-position":"center center","background-size":"auto","background-attachment":"scroll","background-type":"","background-media":"","overlay-type":"","overlay-color":"","overlay-opacity":"","overlay-gradient":""},"tablet":{"background-color":"var(--ast-global-color-5)","background-image":"","background-repeat":"repeat","background-position":"center center","background-size":"auto","background-attachment":"scroll","background-type":"","background-media":"","overlay-type":"","overlay-color":"","overlay-opacity":"","overlay-gradient":""},"mobile":{"background-color":"var(--ast-global-color-5)","background-image":"","background-repeat":"repeat","background-position":"center center","background-size":"auto","background-attachment":"scroll","background-type":"","background-media":"","overlay-type":"","overlay-color":"","overlay-opacity":"","overlay-gradient":""}},"footnotes":""},"class_list":["post-1469","page","type-page","status-publish","hentry"],"acf":[],"_links":{"self":[{"href":"https:\/\/unlivre-unreve.fr\/index.php\/wp-json\/wp\/v2\/pages\/1469","targetHints":{"allow":["GET"]}}],"collection":[{"href":"https:\/\/unlivre-unreve.fr\/index.php\/wp-json\/wp\/v2\/pages"}],"about":[{"href":"https:\/\/unlivre-unreve.fr\/index.php\/wp-json\/wp\/v2\/types\/page"}],"author":[{"embeddable":true,"href":"https:\/\/unlivre-unreve.fr\/index.php\/wp-json\/wp\/v2\/users\/1"}],"replies":[{"embeddable":true,"href":"https:\/\/unlivre-unreve.fr\/index.php\/wp-json\/wp\/v2\/comments?post=1469"}],"version-history":[{"count":35,"href":"https:\/\/unlivre-unreve.fr\/index.php\/wp-json\/wp\/v2\/pages\/1469\/revisions"}],"predecessor-version":[{"id":1510,"href":"https:\/\/unlivre-unreve.fr\/index.php\/wp-json\/wp\/v2\/pages\/1469\/revisions\/1510"}],"wp:attachment":[{"href":"https:\/\/unlivre-unreve.fr\/index.php\/wp-json\/wp\/v2\/media?parent=1469"}],"curies":[{"name":"wp","href":"https:\/\/api.w.org\/{rel}","templated":true}]}}