{"id":1576,"date":"2025-09-21T11:58:20","date_gmt":"2025-09-21T09:58:20","guid":{"rendered":"https:\/\/unlivre-unreve.fr\/?page_id=1576"},"modified":"2025-09-21T20:24:28","modified_gmt":"2025-09-21T18:24:28","slug":"mes-participations-aux-concours-bretons","status":"publish","type":"page","link":"https:\/\/unlivre-unreve.fr\/index.php\/mes-participations-aux-concours-bretons\/","title":{"rendered":"Mes participations aux concours Bretons"},"content":{"rendered":"\t\t<div data-elementor-type=\"wp-page\" data-elementor-id=\"1576\" class=\"elementor elementor-1576\">\n\t\t\t\t<div class=\"elementor-element elementor-element-f80878b e-flex e-con-boxed e-con e-parent\" data-id=\"f80878b\" data-element_type=\"container\">\n\t\t\t\t\t<div class=\"e-con-inner\">\n\t\t\t\t<div class=\"elementor-element elementor-element-bae6a84 elementor-widget elementor-widget-text-editor\" data-id=\"bae6a84\" data-element_type=\"widget\" data-widget_type=\"text-editor.default\">\n\t\t\t\t<div class=\"elementor-widget-container\">\n\t\t\t\t\t\t\t\t\t<p style=\"text-align: center;\">Vous trouverez dans cet espace les textes compos\u00e9s pour les concours bretons auxquels j&#8217;ai particip\u00e9. En esp\u00e9rant \u00eatre s\u00e9lectionn\u00e9e \ud83c\udf1f<\/p>\t\t\t\t\t\t\t\t<\/div>\n\t\t\t\t<\/div>\n\t\t\t\t\t<\/div>\n\t\t\t\t<\/div>\n\t\t<div class=\"elementor-element elementor-element-7c46418 e-flex e-con-boxed e-con e-parent\" data-id=\"7c46418\" data-element_type=\"container\">\n\t\t\t\t\t<div class=\"e-con-inner\">\n\t\t\t\t<div class=\"elementor-element elementor-element-a00f8ba elementor-widget elementor-widget-text-editor\" data-id=\"a00f8ba\" data-element_type=\"widget\" data-widget_type=\"text-editor.default\">\n\t\t\t\t<div class=\"elementor-widget-container\">\n\t\t\t\t\t\t\t\t\t<p style=\"text-align: center;\"><span style=\"text-decoration: underline;\">Mai 2025 : Concours de l&#8217;association CEL Locquirec<br \/><\/span>Cliquez sur l&#8217;image pour acc\u00e9der \u00e0 mon texte\u00a0<\/p>\t\t\t\t\t\t\t\t<\/div>\n\t\t\t\t<\/div>\n\t\t\t\t\t<\/div>\n\t\t\t\t<\/div>\n\t\t<div class=\"elementor-element elementor-element-e22f3d0 e-flex e-con-boxed e-con e-parent\" data-id=\"e22f3d0\" data-element_type=\"container\">\n\t\t\t\t\t<div class=\"e-con-inner\">\n\t\t\t\t<div class=\"elementor-element elementor-element-b218cc5 e-transform elementor-widget elementor-widget-image\" data-id=\"b218cc5\" data-element_type=\"widget\" data-settings=\"{&quot;_transform_scale_effect_hover&quot;:{&quot;unit&quot;:&quot;px&quot;,&quot;size&quot;:0.9,&quot;sizes&quot;:[]},&quot;_transform_scale_effect_hover_tablet&quot;:{&quot;unit&quot;:&quot;px&quot;,&quot;size&quot;:&quot;&quot;,&quot;sizes&quot;:[]},&quot;_transform_scale_effect_hover_mobile&quot;:{&quot;unit&quot;:&quot;px&quot;,&quot;size&quot;:&quot;&quot;,&quot;sizes&quot;:[]}}\" data-widget_type=\"image.default\">\n\t\t\t\t<div class=\"elementor-widget-container\">\n\t\t\t\t\t\t\t\t\t\t\t\t<figure class=\"wp-caption\">\n\t\t\t\t\t\t\t\t\t\t\t<a href=\"https:\/\/unlivre-unreve.fr\/index.php\/participation-au-concours-loquirec\/\">\n\t\t\t\t\t\t\t<img fetchpriority=\"high\" decoding=\"async\" width=\"768\" height=\"768\" src=\"https:\/\/unlivre-unreve.fr\/wp-content\/uploads\/2025\/09\/image-1-768x768.png\" class=\"attachment-medium_large size-medium_large wp-image-1585\" alt=\"\" srcset=\"https:\/\/unlivre-unreve.fr\/wp-content\/uploads\/2025\/09\/image-1-768x768.png 768w, https:\/\/unlivre-unreve.fr\/wp-content\/uploads\/2025\/09\/image-1-300x300.png 300w, https:\/\/unlivre-unreve.fr\/wp-content\/uploads\/2025\/09\/image-1-1024x1024.png 1024w, https:\/\/unlivre-unreve.fr\/wp-content\/uploads\/2025\/09\/image-1-150x150.png 150w, https:\/\/unlivre-unreve.fr\/wp-content\/uploads\/2025\/09\/image-1.png 1080w\" sizes=\"(max-width: 768px) 100vw, 768px\" \/>\t\t\t\t\t\t\t\t<\/a>\n\t\t\t\t\t\t\t\t\t\t\t<figcaption class=\"widget-image-caption wp-caption-text\"><\/figcaption>\n\t\t\t\t\t\t\t\t\t\t<\/figure>\n\t\t\t\t\t\t\t\t\t<\/div>\n\t\t\t\t<\/div>\n\t\t\t\t\t<\/div>\n\t\t\t\t<\/div>\n\t\t<div class=\"elementor-element elementor-element-aed28c9 e-flex e-con-boxed e-con e-parent\" data-id=\"aed28c9\" data-element_type=\"container\">\n\t\t\t\t\t<div class=\"e-con-inner\">\n\t\t\t\t<div class=\"elementor-element elementor-element-918c807 elementor-widget elementor-widget-text-editor\" data-id=\"918c807\" data-element_type=\"widget\" data-widget_type=\"text-editor.default\">\n\t\t\t\t<div class=\"elementor-widget-container\">\n\t\t\t\t\t\t\t\t\t<p style=\"text-align: center;\">Le <strong data-start=\"3\" data-end=\"40\">Cercle des \u00c9crivains de Locquirec<\/strong> invite cette ann\u00e9e les amoureux des mots \u00e0 se laisser emporter par le th\u00e8me : <em data-start=\"119\" data-end=\"166\">\u00ab Ce livre avait chang\u00e9 le cours de ma vie\u2026\u00bb<\/em>. Un appel \u00e0 replonger dans la magie des lectures qui marquent une existence, \u00e0 tresser souvenirs et imagination en quelques pages. Ouvert \u00e0 tous, ce concours gratuit accueille les plumes en fran\u00e7ais comme en breton, jusqu\u2019au <strong data-start=\"392\" data-end=\"407\">31 mai 2025<\/strong>.<\/p>\t\t\t\t\t\t\t\t<\/div>\n\t\t\t\t<\/div>\n\t\t\t\t\t<\/div>\n\t\t\t\t<\/div>\n\t\t\t\t<\/div>\n\t\t","protected":false},"excerpt":{"rendered":"<p>Vous trouverez dans cet espace les textes compos\u00e9s pour les concours bretons auxquels j&#8217;ai particip\u00e9. En esp\u00e9rant \u00eatre s\u00e9lectionn\u00e9e \ud83c\udf1f [&hellip;]<\/p>\n","protected":false},"author":1,"featured_media":0,"parent":0,"menu_order":0,"comment_status":"closed","ping_status":"closed","template":"","meta":{"_acf_changed":false,"site-sidebar-layout":"no-sidebar","site-content-layout":"","ast-site-content-layout":"full-width-container","site-content-style":"default","site-sidebar-style":"default","ast-global-header-display":"","ast-banner-title-visibility":"","ast-main-header-display":"","ast-hfb-above-header-display":"","ast-hfb-below-header-display":"","ast-hfb-mobile-header-display":"","site-post-title":"disabled","ast-breadcrumbs-content":"","ast-featured-img":"disabled","footer-sml-layout":"","theme-transparent-header-meta":"","adv-header-id-meta":"","stick-header-meta":"","header-above-stick-meta":"","header-main-stick-meta":"","header-below-stick-meta":"","astra-migrate-meta-layouts":"default","ast-page-background-enabled":"default","ast-page-background-meta":{"desktop":{"background-color":"var(--ast-global-color-4)","background-image":"","background-repeat":"repeat","background-position":"center center","background-size":"auto","background-attachment":"scroll","background-type":"","background-media":"","overlay-type":"","overlay-color":"","overlay-opacity":"","overlay-gradient":""},"tablet":{"background-color":"","background-image":"","background-repeat":"repeat","background-position":"center center","background-size":"auto","background-attachment":"scroll","background-type":"","background-media":"","overlay-type":"","overlay-color":"","overlay-opacity":"","overlay-gradient":""},"mobile":{"background-color":"","background-image":"","background-repeat":"repeat","background-position":"center center","background-size":"auto","background-attachment":"scroll","background-type":"","background-media":"","overlay-type":"","overlay-color":"","overlay-opacity":"","overlay-gradient":""}},"ast-content-background-meta":{"desktop":{"background-color":"var(--ast-global-color-5)","background-image":"","background-repeat":"repeat","background-position":"center center","background-size":"auto","background-attachment":"scroll","background-type":"","background-media":"","overlay-type":"","overlay-color":"","overlay-opacity":"","overlay-gradient":""},"tablet":{"background-color":"var(--ast-global-color-5)","background-image":"","background-repeat":"repeat","background-position":"center center","background-size":"auto","background-attachment":"scroll","background-type":"","background-media":"","overlay-type":"","overlay-color":"","overlay-opacity":"","overlay-gradient":""},"mobile":{"background-color":"var(--ast-global-color-5)","background-image":"","background-repeat":"repeat","background-position":"center center","background-size":"auto","background-attachment":"scroll","background-type":"","background-media":"","overlay-type":"","overlay-color":"","overlay-opacity":"","overlay-gradient":""}},"footnotes":""},"class_list":["post-1576","page","type-page","status-publish","hentry"],"acf":[],"_links":{"self":[{"href":"https:\/\/unlivre-unreve.fr\/index.php\/wp-json\/wp\/v2\/pages\/1576","targetHints":{"allow":["GET"]}}],"collection":[{"href":"https:\/\/unlivre-unreve.fr\/index.php\/wp-json\/wp\/v2\/pages"}],"about":[{"href":"https:\/\/unlivre-unreve.fr\/index.php\/wp-json\/wp\/v2\/types\/page"}],"author":[{"embeddable":true,"href":"https:\/\/unlivre-unreve.fr\/index.php\/wp-json\/wp\/v2\/users\/1"}],"replies":[{"embeddable":true,"href":"https:\/\/unlivre-unreve.fr\/index.php\/wp-json\/wp\/v2\/comments?post=1576"}],"version-history":[{"count":17,"href":"https:\/\/unlivre-unreve.fr\/index.php\/wp-json\/wp\/v2\/pages\/1576\/revisions"}],"predecessor-version":[{"id":1610,"href":"https:\/\/unlivre-unreve.fr\/index.php\/wp-json\/wp\/v2\/pages\/1576\/revisions\/1610"}],"wp:attachment":[{"href":"https:\/\/unlivre-unreve.fr\/index.php\/wp-json\/wp\/v2\/media?parent=1576"}],"curies":[{"name":"wp","href":"https:\/\/api.w.org\/{rel}","templated":true}]}}