{"id":1657,"date":"2025-12-24T16:00:02","date_gmt":"2025-12-24T15:00:02","guid":{"rendered":"https:\/\/unlivre-unreve.fr\/?page_id=1657"},"modified":"2026-01-25T19:16:38","modified_gmt":"2026-01-25T18:16:38","slug":"pour-une-godille-avec-toi","status":"publish","type":"page","link":"https:\/\/unlivre-unreve.fr\/index.php\/pour-une-godille-avec-toi\/","title":{"rendered":"Pour une godille avec toi"},"content":{"rendered":"\t\t<div data-elementor-type=\"wp-page\" data-elementor-id=\"1657\" class=\"elementor elementor-1657\">\n\t\t\t\t<div class=\"elementor-element elementor-element-55dee78 e-flex e-con-boxed e-con e-parent\" data-id=\"55dee78\" data-element_type=\"container\">\n\t\t\t\t\t<div class=\"e-con-inner\">\n\t\t\t\t<div class=\"elementor-element elementor-element-fc96ee7 elementor-widget elementor-widget-heading\" data-id=\"fc96ee7\" data-element_type=\"widget\" data-widget_type=\"heading.default\">\n\t\t\t\t<div class=\"elementor-widget-container\">\n\t\t\t\t\t<h2 class=\"elementor-heading-title elementor-size-default\">Pour une godille avec toi <\/h2>\t\t\t\t<\/div>\n\t\t\t\t<\/div>\n\t\t\t\t\t<\/div>\n\t\t\t\t<\/div>\n\t\t<div class=\"elementor-element elementor-element-2e83c22 e-flex e-con-boxed e-con e-parent\" data-id=\"2e83c22\" data-element_type=\"container\">\n\t\t\t\t\t<div class=\"e-con-inner\">\n\t\t\t\t<div class=\"elementor-element elementor-element-8e916df elementor-widget elementor-widget-text-editor\" data-id=\"8e916df\" data-element_type=\"widget\" data-widget_type=\"text-editor.default\">\n\t\t\t\t<div class=\"elementor-widget-container\">\n\t\t\t\t\t\t\t\t\t<p style=\"text-align: left;\">7h, l\u2019aube \u00e9tale ses rayons rougeoyants faisant miroiter au loin l\u2019\u00eele aux Grenats. Soleil levant sur Lorient, la cit\u00e9 aux six ports dont le nom porte d\u00e9j\u00e0 une invitation au voyage&#8230;<br \/>Magie d\u2019un instant color\u00e9 o\u00f9 les sens vous assaillent comme pour vous ramener \u00e0 l\u2019essence m\u00eame de la vie ; une vie qui n\u2019est vie que si elle est mouvement &#8211; du corps ou de l\u2019esprit, peu importe-, le but \u00e9tant de ne jamais rester immobile.<br \/>Le mouvement qui m\u2019anime en ce moment s\u2019accorde au vent de mes nouveaux projets : r\u00e9aliser un reportage sur l\u2019\u00eele de Groix ! C\u2019est un ami qui m\u2019en a fait la demande et j\u2019ai bien s\u00fbr accept\u00e9. En reconversion dans le domaine de l\u2019\u00e9criture, j\u2019ai d\u00e9m\u00e9nag\u00e9 pour rejoindre ma Bretagne originelle o\u00f9 je propose mes services pour des articles journalistiques. Bien s\u00fbr, cela n\u2019est qu\u2019un pr\u00e9texte, ma vraie passion, c\u2019est d\u2019\u00e9crire des nouvelles ou des romans. Ce \u00e0 quoi je m\u2019emploie \u00e0 la moindre parcelle de temps libre. Mes manuscrits n\u2019ont pas encore trouv\u00e9 preneur mais je<br \/>ne d\u00e9sesp\u00e8re pas : un jour viendra o\u00f9 mon r\u00eave se r\u00e9alisera et je rencontrerai mes lecteurs ! J\u2019y mets tout mon c\u0153ur et pour cette raison, j\u2019y crois. Pour l\u2019heure, je vis dans cet espoir, rendant service avec une plume toujours pr\u00eate \u00e0 s\u2019encrer pour des aventures exalt\u00e9es ! Je ricoche de petits textes en petits textes esp\u00e9rant atterrir sur le bon rocher.<br \/>&#8211; Salut Ylona, tu es en avance ! Notre voilier n\u2019est pas encore arriv\u00e9 et mon photographe non plus.<br \/>Ainsi Ewenn n\u2019a pas pr\u00e9vu que nous prenions le \u00ab courrier de Groix \u00bb comme tout passager lambda, il nous a r\u00e9serv\u00e9 une croisi\u00e8re en catamaran ! Ce n\u2019est pas tant le traitement de faveur qui m\u2019enthousiasme que la perspective d\u2019effectuer une travers\u00e9e au plus proche des \u00e9l\u00e9ments : la mer, je vais pouvoir l\u2019admirer, la sonder de pr\u00e8s et je m\u2019en r\u00e9jouis &#8211; flots huileux ou tumultueux &#8211; elle m\u2019inspire tellement !<br \/>&#8211; Agr\u00e9able surprise ce bateau, tu nous g\u00e2tes Ewenn ! J\u2019esp\u00e8re \u00eatre \u00e0 la hauteur de<br \/>l\u2019\u00e9v\u00e9nement que tu me confies&#8230;<br \/>&#8211; Tu le seras. Je ne te connais pas depuis longtemps Ylona maisj\u2019aime ton style d\u2019\u00e9criture, ajoute-t-il avec un magnifique clin d\u2019\u0153il de connivence.<br \/>Je rosis sous le compliment. D\u2019un temp\u00e9rament timide allant de pair avec une sensibilit\u00e9 excessive, les d\u00e9ferlantes d\u2019\u00e9motions me sont coutumi\u00e8res sans que je puisse les r\u00e9primer. J\u2019aimerais lui dire : <em>moi, c\u2019est ta positivit\u00e9 qui me pla\u00eet, ton attention sinc\u00e8re et tes encouragements !<\/em> Mais comme souvent, je ne dis rien esp\u00e9rant secr\u00e8tement qu\u2019un courant myst\u00e9rieux lui transmette mes remous. Il sourit. Cela me suffit.<br \/>&#8211; Nous mettons les voiles dans un quart d\u2019heure. Ton acolyte vient de m\u2019envoyer un<br \/>message, il a \u00e9t\u00e9 retard\u00e9.<br \/>C\u2019est \u00e0 ce moment-l\u00e0 que j\u2019aper\u00e7ois dans ma vision p\u00e9riph\u00e9rique, pr\u00e8s du phare, une sorte de petit nuage comme tomb\u00e9 du ciel qui, \u00e0 y regarder de plus pr\u00e8s, s\u2019av\u00e8re \u00eatre une petite fille rieuse et papillonnante, enti\u00e8rement pr\u00e9occup\u00e9e par les ondulations de sa robe aux jolis tons turquoise. Ses bras, d\u00e9ploy\u00e9s autour d\u2019elle, accompagnent ses mouvements et telles des ailes imaginaires lui conf\u00e8rent une gr\u00e2ce touchante. Son insouciance me fascine, ravive mes joies d\u2019enfant. Quel dr\u00f4le de petit oiseau bleu ! Le plus curieux, c\u2019est que cette hirondelle improbable ne me semble pas d\u00e9tonner dans l\u2019\u00e9blouissant tableau breton qui m\u2019entoure.<br \/>Soudain, une \u00e9manation famili\u00e8re me saisit : vague m\u00e9lange d\u2019iode et de gasoil insinuant, effluve maritime et v\u00e9ritable parfum d\u2019enfance&#8230; Car l\u2019exhalaison prononc\u00e9e, rebutante pour certains, m\u2019a toujours ravie ; d\u2019aussi loin que je me souvienne, elle a toujours \u00e9t\u00e9 porteuse de promesses, de cette ivresse folle qui peut envahir un c\u0153ur quand une \u00eele se profile \u00e0 l\u2019horizon ! Une douce nostalgie me chavire. Un pr\u00e9sage ? Le vrombissement des moteurs, au diapason des<br \/>vibrations du souvenir, me ram\u00e8ne dans mes voyages d\u2019antan avec l\u2019arriv\u00e9e tant attendue au port de Quiberon, juste avant la travers\u00e9e vers Belle-\u00cele-en-mer. Je me souviens, tous les \u00e9t\u00e9s, nous arrivions avec mes parents et mon fr\u00e8re sur le quai, lourds des bagages de l\u2019ann\u00e9e mais rien ne r\u00e9sistait \u00e0 ce d\u00e9part, tout s\u2019envolait lors l\u2019enivrante travers\u00e9e.<br \/>Il est des lieux qui nous ram\u00e8nent en d\u2019autres endroits et en d\u2019autres temps&#8230;<br \/>&#8211; Ah salut Loan ! s\u2019exclame Ewenn, m\u2019extirpant soudain de mon ressac int\u00e9rieur. Encore merci d\u2019avoir accept\u00e9 cette mission journalistique car je sais que ta pr\u00e9f\u00e9rence va surtout au domaine artistique, inutile de le nier, ton Instagram en t\u00e9moigne \u00e0 merveille !<br \/>Loan ? Mon anagramme &#8211; le Y en moins -&#8230; Loan, le m\u00eame pr\u00e9nom que mon fr\u00e8re !<br \/>Un fr\u00e8re disparu dans le brouillard des ann\u00e9es, des quiproquos et des disputes infond\u00e9es&#8230; Se pourrait-il que&#8230; Loan, regard bleu, appareil photo en bandouli\u00e8re. Sur son visage, le sourire en moins, le passage du temps en plus. C\u2019est lui ! Mon c\u0153ur s\u2019emballe&#8230;<br \/>Je n\u2019\u00e9tais pas pr\u00eate \u00e0 ces retrouvailles. Pas aujourd\u2019hui et pas de cette fa\u00e7on. Pourtant, n\u2019est-ce pas l\u2019endroit r\u00eav\u00e9 ? me murmure une petite voix ing\u00e9nue. La voix a beau \u00eatre int\u00e9rieure &#8211; enfin je crois -, instinctivement mes yeux scrutent au loin pour retrouver la fillette qui, me voyant la chercher du regard, sourit avec malice.<br \/>Je comprends que c\u2019est mon fr\u00e8re, cet acolyte attendu, transform\u00e9 aussit\u00f4t en Inattendu&#8230;.<br \/>Ewenn nous a convi\u00e9 sans avoir la moindre id\u00e9e de notre lien de parent\u00e9. Le hasard fait bien les choses, dit le proverbe. Je demande \u00e0 voir&#8230;<br \/>L\u2019\u00e9v\u00e9nement qui nous r\u00e9unit aujourd\u2019hui, c\u2019est le championnat du monde de godille qui, cette ann\u00e9e, a lieu sur l\u2019\u00eele de Groix [&#8230;]<\/p>\t\t\t\t\t\t\t\t<\/div>\n\t\t\t\t<\/div>\n\t\t\t\t\t<\/div>\n\t\t\t\t<\/div>\n\t\t\t\t<\/div>\n\t\t","protected":false},"excerpt":{"rendered":"<p>Pour une godille avec toi 7h, l\u2019aube \u00e9tale ses rayons rougeoyants faisant miroiter au loin l\u2019\u00eele aux Grenats. Soleil levant [&hellip;]<\/p>\n","protected":false},"author":1,"featured_media":0,"parent":0,"menu_order":0,"comment_status":"closed","ping_status":"closed","template":"","meta":{"_acf_changed":false,"site-sidebar-layout":"no-sidebar","site-content-layout":"","ast-site-content-layout":"full-width-container","site-content-style":"default","site-sidebar-style":"default","ast-global-header-display":"","ast-banner-title-visibility":"","ast-main-header-display":"","ast-hfb-above-header-display":"","ast-hfb-below-header-display":"","ast-hfb-mobile-header-display":"","site-post-title":"disabled","ast-breadcrumbs-content":"","ast-featured-img":"disabled","footer-sml-layout":"","theme-transparent-header-meta":"","adv-header-id-meta":"","stick-header-meta":"","header-above-stick-meta":"","header-main-stick-meta":"","header-below-stick-meta":"","astra-migrate-meta-layouts":"default","ast-page-background-enabled":"default","ast-page-background-meta":{"desktop":{"background-color":"var(--ast-global-color-4)","background-image":"","background-repeat":"repeat","background-position":"center center","background-size":"auto","background-attachment":"scroll","background-type":"","background-media":"","overlay-type":"","overlay-color":"","overlay-opacity":"","overlay-gradient":""},"tablet":{"background-color":"","background-image":"","background-repeat":"repeat","background-position":"center center","background-size":"auto","background-attachment":"scroll","background-type":"","background-media":"","overlay-type":"","overlay-color":"","overlay-opacity":"","overlay-gradient":""},"mobile":{"background-color":"","background-image":"","background-repeat":"repeat","background-position":"center center","background-size":"auto","background-attachment":"scroll","background-type":"","background-media":"","overlay-type":"","overlay-color":"","overlay-opacity":"","overlay-gradient":""}},"ast-content-background-meta":{"desktop":{"background-color":"var(--ast-global-color-5)","background-image":"","background-repeat":"repeat","background-position":"center center","background-size":"auto","background-attachment":"scroll","background-type":"","background-media":"","overlay-type":"","overlay-color":"","overlay-opacity":"","overlay-gradient":""},"tablet":{"background-color":"var(--ast-global-color-5)","background-image":"","background-repeat":"repeat","background-position":"center center","background-size":"auto","background-attachment":"scroll","background-type":"","background-media":"","overlay-type":"","overlay-color":"","overlay-opacity":"","overlay-gradient":""},"mobile":{"background-color":"var(--ast-global-color-5)","background-image":"","background-repeat":"repeat","background-position":"center center","background-size":"auto","background-attachment":"scroll","background-type":"","background-media":"","overlay-type":"","overlay-color":"","overlay-opacity":"","overlay-gradient":""}},"footnotes":""},"class_list":["post-1657","page","type-page","status-publish","hentry"],"acf":[],"_links":{"self":[{"href":"https:\/\/unlivre-unreve.fr\/index.php\/wp-json\/wp\/v2\/pages\/1657","targetHints":{"allow":["GET"]}}],"collection":[{"href":"https:\/\/unlivre-unreve.fr\/index.php\/wp-json\/wp\/v2\/pages"}],"about":[{"href":"https:\/\/unlivre-unreve.fr\/index.php\/wp-json\/wp\/v2\/types\/page"}],"author":[{"embeddable":true,"href":"https:\/\/unlivre-unreve.fr\/index.php\/wp-json\/wp\/v2\/users\/1"}],"replies":[{"embeddable":true,"href":"https:\/\/unlivre-unreve.fr\/index.php\/wp-json\/wp\/v2\/comments?post=1657"}],"version-history":[{"count":7,"href":"https:\/\/unlivre-unreve.fr\/index.php\/wp-json\/wp\/v2\/pages\/1657\/revisions"}],"predecessor-version":[{"id":1664,"href":"https:\/\/unlivre-unreve.fr\/index.php\/wp-json\/wp\/v2\/pages\/1657\/revisions\/1664"}],"wp:attachment":[{"href":"https:\/\/unlivre-unreve.fr\/index.php\/wp-json\/wp\/v2\/media?parent=1657"}],"curies":[{"name":"wp","href":"https:\/\/api.w.org\/{rel}","templated":true}]}}