{"id":202,"date":"2025-01-04T15:14:52","date_gmt":"2025-01-04T14:14:52","guid":{"rendered":"https:\/\/unlivre-unreve.fr\/?page_id=202"},"modified":"2025-07-15T10:33:52","modified_gmt":"2025-07-15T08:33:52","slug":"une-introduction","status":"publish","type":"page","link":"https:\/\/unlivre-unreve.fr\/index.php\/une-introduction\/","title":{"rendered":"Une introduction&#8230;"},"content":{"rendered":"\t\t<div data-elementor-type=\"wp-page\" data-elementor-id=\"202\" class=\"elementor elementor-202\">\n\t\t\t\t<div class=\"elementor-element elementor-element-ffed331 e-flex e-con-boxed e-con e-parent\" data-id=\"ffed331\" data-element_type=\"container\">\n\t\t\t\t\t<div class=\"e-con-inner\">\n\t\t\t\t<div class=\"elementor-element elementor-element-49bcf84 elementor-widget-divider--view-line elementor-widget elementor-widget-divider\" data-id=\"49bcf84\" data-element_type=\"widget\" data-widget_type=\"divider.default\">\n\t\t\t\t<div class=\"elementor-widget-container\">\n\t\t\t\t\t\t\t<div class=\"elementor-divider\">\n\t\t\t<span class=\"elementor-divider-separator\">\n\t\t\t\t\t\t<\/span>\n\t\t<\/div>\n\t\t\t\t\t\t<\/div>\n\t\t\t\t<\/div>\n\t\t\t\t\t<\/div>\n\t\t\t\t<\/div>\n\t\t<div class=\"elementor-element elementor-element-7ac7713 e-flex e-con-boxed e-con e-parent\" data-id=\"7ac7713\" data-element_type=\"container\">\n\t\t\t\t\t<div class=\"e-con-inner\">\n\t\t\t\t<div class=\"elementor-element elementor-element-d6f8316 elementor-widget elementor-widget-heading\" data-id=\"d6f8316\" data-element_type=\"widget\" data-widget_type=\"heading.default\">\n\t\t\t\t<div class=\"elementor-widget-container\">\n\t\t\t\t\t<h2 class=\"elementor-heading-title elementor-size-default\">Une introduction... <\/h2>\t\t\t\t<\/div>\n\t\t\t\t<\/div>\n\t\t\t\t\t<\/div>\n\t\t\t\t<\/div>\n\t\t<div class=\"elementor-element elementor-element-9d51c42 e-flex e-con-boxed e-con e-parent\" data-id=\"9d51c42\" data-element_type=\"container\">\n\t\t\t\t\t<div class=\"e-con-inner\">\n\t\t<div class=\"elementor-element elementor-element-53d8e71 e-con-full e-flex e-con e-child\" data-id=\"53d8e71\" data-element_type=\"container\">\n\t\t\t\t<div class=\"elementor-element elementor-element-50ae2e9 elementor-widget elementor-widget-text-editor\" data-id=\"50ae2e9\" data-element_type=\"widget\" data-widget_type=\"text-editor.default\">\n\t\t\t\t<div class=\"elementor-widget-container\">\n\t\t\t\t\t\t\t\t\t<p class=\"has-ast-global-color-8-color has-text-color has-link-color\">En peu de mots, comment vous r\u00e9sumer mon parcours ? Un vrai d\u00e9fi pour moi, si grande adepte de d\u00e9veloppement et d\u2019approfondissement\u00a0en tout genre ! Pourtant si vous me croisiez dans la rue, dans la r\u00e9alit\u00e9 du quotidien, vous ne pourriez pas vous douter d\u2019une telle volubilit\u00e9. J\u2019ai, ce que l\u2019on appelle, un temp\u00e9rament r\u00e9serv\u00e9. Qui, par le pass\u00e9, sachez-le, a fr\u00f4l\u00e9 le mutisme\u00a0! C&#8217;est ainsi, J&#8217;aime le silence, j&#8217;aime les nuages du silence et tous les mots subtils qui y dansent. <br \/>Seuls ceux qui me connaissent vraiment ont saisi l\u2019ambivalence dans ma personnalit\u00e9, l\u00e0 o\u00f9 ma timidit\u00e9 \u00ab\u00a0ancestrale\u00a0\u00bb cache un encrier d\u00e9bordant, entonnant l\u2019intarissable\u2026<\/p>\n<p><!-- \/wp:paragraph --><!-- wp:paragraph {\"style\":{\"elements\":{\"link\":{\"color\":{\"text\":\"var:preset|color|ast-global-color-8\"}}}},\"textColor\":\"ast-global-color-8\"} --><\/p>\n<p class=\"has-ast-global-color-8-color has-text-color has-link-color\">Sans plus attendre, je vous livre un aper\u00e7u\u00a0!<\/p>\n<p><!-- \/wp:paragraph --><!-- wp:paragraph {\"style\":{\"elements\":{\"link\":{\"color\":{\"text\":\"var:preset|color|ast-global-color-8\"}}}},\"textColor\":\"ast-global-color-8\"} --><\/p>\t\t\t\t\t\t\t\t<\/div>\n\t\t\t\t<\/div>\n\t\t\t\t<\/div>\n\t\t<div class=\"elementor-element elementor-element-7f840d6 e-con-full e-transform e-flex e-con e-child\" data-id=\"7f840d6\" data-element_type=\"container\" data-settings=\"{&quot;_transform_scale_effect&quot;:{&quot;unit&quot;:&quot;px&quot;,&quot;size&quot;:&quot;&quot;,&quot;sizes&quot;:[]},&quot;_transform_scale_effect_tablet&quot;:{&quot;unit&quot;:&quot;px&quot;,&quot;size&quot;:&quot;&quot;,&quot;sizes&quot;:[]},&quot;_transform_scale_effect_mobile&quot;:{&quot;unit&quot;:&quot;px&quot;,&quot;size&quot;:&quot;&quot;,&quot;sizes&quot;:[]}}\">\n\t\t\t\t<div class=\"elementor-element elementor-element-87e68b0 elementor-widget elementor-widget-text-editor\" data-id=\"87e68b0\" data-element_type=\"widget\" data-widget_type=\"text-editor.default\">\n\t\t\t\t<div class=\"elementor-widget-container\">\n\t\t\t\t\t\t\t\t\t<p style=\"text-align: center;\"><span style=\"color: #ffffff;\">&#8220;Imag\u00ednate que al leer un libro,<\/span><span style=\"color: #ffffff;\"> no exista la opci\u00f3n de volver la p\u00e1gina atr\u00e1s.\u00a0<\/span><\/p>\n<p style=\"text-align: center;\"><span style=\"color: #ffffff;\">\u00bfCon cu\u00e1nta atenci\u00f3n leer\u00edas ese libro?\u00a0<\/span><\/p>\n<p style=\"text-align: center;\"><span style=\"color: #ffffff;\">Eso es la vida.&#8221;\u00a0<\/span><\/p>\t\t\t\t\t\t\t\t<\/div>\n\t\t\t\t<\/div>\n\t\t\t\t<\/div>\n\t\t\t\t\t<\/div>\n\t\t\t\t<\/div>\n\t\t<div class=\"elementor-element elementor-element-3cce32e8 e-flex e-con-boxed e-con e-parent\" data-id=\"3cce32e8\" data-element_type=\"container\">\n\t\t\t\t\t<div class=\"e-con-inner\">\n\t\t\t\t<div class=\"elementor-element elementor-element-db39a17 elementor-widget elementor-widget-text-editor\" data-id=\"db39a17\" data-element_type=\"widget\" data-widget_type=\"text-editor.default\">\n\t\t\t\t<div class=\"elementor-widget-container\">\n\t\t\t\t\t\t\t\t\t<p>Un jour, une course. Euphorie de la pens\u00e9e propuls\u00e9e par mes foul\u00e9es.\u00a0Dans un flash, un titre m\u2019est r\u00e9v\u00e9l\u00e9 \u00ab\u00a0Ile et Aile\u00a0\u00bb. Plus moyen de reculer. <br \/>J\u2019ai envoy\u00e9 mon manuscrit \u00e0 de nombreuses maisons d\u2019\u00e9ditions. J\u2019ai commenc\u00e9 \u00e9videmment par mes pr\u00e9f\u00e9r\u00e9es. Au d\u00e9but, j\u2019y croyais. J\u2019y croyais vraiment malgr\u00e9 cette \u00e9vidence, de toutes parts, martel\u00e9e\u00a0: le faible pourcentage de chance de \u00ab\u00a0percer\u00a0\u00bb, qui plus est sans appui, sans piston comme on dit. Mais c\u2019\u00e9tait plus fort que moi, j\u2019y croyais. J\u2019y croyais na\u00efvement comme on croit, parfois m\u00eame sans se l\u2019avouer, en ses r\u00eaves les plus fous, les plus secrets. Je pensais que le plus dur \u00e9tait fait\u00a0(pour autant, ce chemin d&#8217;\u00e9criture n&#8217;en fut pas moins merveilleux) : les heures de solitude \u00e0 r\u00e9veiller puis extraire les mots enfouis, les mots dormants. <br \/>J\u2019ai mis du temps \u00e0 comprendre que je me trompais\u00a0; ce n\u2019\u00e9tait pas la \u00ab\u00a0bonne\u00a0\u00bb m\u00e9thode.<\/p>\t\t\t\t\t\t\t\t<\/div>\n\t\t\t\t<\/div>\n\t\t\t\t<div class=\"elementor-element elementor-element-1bfbb56a elementor-widget elementor-widget-text-editor\" data-id=\"1bfbb56a\" data-element_type=\"widget\" data-widget_type=\"text-editor.default\">\n\t\t\t\t<div class=\"elementor-widget-container\">\n\t\t\t\t\t\t\t\t\t<!-- wp:paragraph {\"style\":{\"elements\":{\"link\":{\"color\":{\"text\":\"var:preset|color|ast-global-color-8\"}}}},\"textColor\":\"ast-global-color-8\"} --><!-- \/wp:paragraph --><!-- wp:paragraph {\"align\":\"center\",\"style\":{\"elements\":{\"link\":{\"color\":{\"text\":\"var:preset|color|ast-global-color-8\"}}}},\"textColor\":\"ast-global-color-8\"} -->\n<p class=\"has-text-align-center has-ast-global-color-8-color has-text-color has-link-color\">Je me suis alors pos\u00e9e la vraie question\u00a0:\u00a0<\/p>\n<!-- \/wp:paragraph --><!-- wp:paragraph {\"align\":\"center\",\"style\":{\"elements\":{\"link\":{\"color\":{\"text\":\"var:preset|color|vivid-red\"}}}},\"textColor\":\"vivid-red\",\"fontSize\":\"medium\"} -->\n<p class=\"has-text-align-center has-vivid-red-color has-text-color has-link-color has-medium-font-size\"><strong>Pour qui \u00e9cris-tu\u00a0?<\/strong><\/p>\n<!-- \/wp:paragraph --><!-- wp:paragraph {\"style\":{\"elements\":{\"link\":{\"color\":{\"text\":\"var:preset|color|ast-global-color-8\"}}}},\"textColor\":\"ast-global-color-8\"} -->\n<p class=\"has-ast-global-color-8-color has-text-color has-link-color\">Quand je repense \u00e0 mes d\u00e9buts, mes r\u00e9ponses ont beaucoup \u00e9volu\u00e9\u00a0:<\/p>\n<!-- \/wp:paragraph --><!-- wp:paragraph {\"style\":{\"elements\":{\"link\":{\"color\":{\"text\":\"var:preset|color|ast-global-color-8\"}}}},\"textColor\":\"ast-global-color-8\"} -->\n<p class=\"has-ast-global-color-8-color has-text-color has-link-color\">A l\u2019origine, ce fut pour moi\u00a0:\u00a0<\/p>\n<!-- \/wp:paragraph --><!-- wp:paragraph {\"align\":\"right\",\"style\":{\"elements\":{\"link\":{\"color\":{\"text\":\"var:preset|color|ast-global-color-8\"}}}},\"textColor\":\"ast-global-color-8\"} -->\n<p class=\"has-text-align-right has-ast-global-color-8-color has-text-color has-link-color\">Bercer, consoler l\u2019\u00e9crivaine en exil<\/p>\n<!-- \/wp:paragraph --><!-- wp:paragraph {\"align\":\"center\",\"style\":{\"elements\":{\"link\":{\"color\":{\"text\":\"var:preset|color|ast-global-color-1\"}}}},\"textColor\":\"ast-global-color-1\"} -->\n<p class=\"has-text-align-center has-ast-global-color-1-color has-text-color has-link-color\"><strong>Ile refuge<\/strong><\/p>\n<!-- \/wp:paragraph --><!-- wp:paragraph {\"style\":{\"elements\":{\"link\":{\"color\":{\"text\":\"var:preset|color|ast-global-color-8\"}}}},\"textColor\":\"ast-global-color-8\"} -->\n<p class=\"has-ast-global-color-8-color has-text-color has-link-color\">Ensuite, ce fut pour lui\u00a0:<\/p>\n<!-- \/wp:paragraph --><!-- wp:paragraph {\"align\":\"right\",\"style\":{\"elements\":{\"link\":{\"color\":{\"text\":\"var:preset|color|ast-global-color-8\"}}}},\"textColor\":\"ast-global-color-8\"} -->\n<p class=\"has-text-align-right has-ast-global-color-8-color has-text-color has-link-color\">Rejoindre mon lib\u00e9rant, mon r\u00e9veillant<\/p>\n<!-- \/wp:paragraph --><!-- wp:paragraph {\"align\":\"center\",\"style\":{\"elements\":{\"link\":{\"color\":{\"text\":\"var:preset|color|vivid-cyan-blue\"}}}},\"textColor\":\"vivid-cyan-blue\"} -->\n<p class=\"has-text-align-center has-vivid-cyan-blue-color has-text-color has-link-color\"><strong>Aile d\u2019envol<\/strong><\/p>\n<!-- \/wp:paragraph --><!-- wp:paragraph {\"style\":{\"elements\":{\"link\":{\"color\":{\"text\":\"var:preset|color|ast-global-color-8\"}}}},\"textColor\":\"ast-global-color-8\"} -->\n<p class=\"has-ast-global-color-8-color has-text-color has-link-color\">Aujourd\u2019hui, et si c\u2019\u00e9tait pour vous\u00a0:<\/p>\n<!-- \/wp:paragraph --><!-- wp:paragraph {\"align\":\"right\",\"style\":{\"elements\":{\"link\":{\"color\":{\"text\":\"var:preset|color|ast-global-color-8\"}}}},\"textColor\":\"ast-global-color-8\"} -->\n<p class=\"has-text-align-right has-ast-global-color-8-color has-text-color has-link-color\">Pour un partage fraternel de nos r\u00eaves\u00a0?<\/p>\n<!-- \/wp:paragraph --><!-- wp:paragraph {\"align\":\"center\",\"style\":{\"elements\":{\"link\":{\"color\":{\"text\":\"var:preset|color|vivid-green-cyan\"}}}},\"textColor\":\"vivid-green-cyan\"} -->\n<p class=\"has-text-align-center has-vivid-green-cyan-color has-text-color has-link-color\"><strong>Ils et elles\u00a0!<\/strong><\/p>\n<!-- \/wp:paragraph --><!-- wp:paragraph {\"style\":{\"elements\":{\"link\":{\"color\":{\"text\":\"var:preset|color|ast-global-color-8\"}}}},\"textColor\":\"ast-global-color-8\"} -->\n<p class=\"has-ast-global-color-8-color has-text-color has-link-color\">Car avec le temps, j\u2019ai compris que si je veux toucher mes lecteurs, il me faut trouver un moyen direct d\u2019\u00eatre lue. Gr\u00e2ce \u00e0 mes enfants, m\u2019est venue l\u2019id\u00e9e de ce blog o\u00f9 je fais mes premiers pas\u00a0! Merci d\u2019avance pour votre indulgence. J\u2019esp\u00e8re tant vous embarquer avec moi\u00a0!<\/p>\n<!-- \/wp:paragraph --><!-- wp:image {\"id\":234,\"width\":\"1145px\",\"height\":\"auto\",\"sizeSlug\":\"large\",\"linkDestination\":\"none\"} -->\n<figure class=\"wp-block-image size-large is-resized\"><img fetchpriority=\"high\" decoding=\"async\" width=\"1024\" height=\"576\" class=\"wp-image-234\" style=\"width: 1145px; height: auto;\" src=\"https:\/\/unlivre-unreve.fr\/wp-content\/uploads\/2025\/01\/Design-porte-2-1024x576.png\" alt=\"\" srcset=\"https:\/\/unlivre-unreve.fr\/wp-content\/uploads\/2025\/01\/Design-porte-2-1024x576.png 1024w, https:\/\/unlivre-unreve.fr\/wp-content\/uploads\/2025\/01\/Design-porte-2-300x169.png 300w, https:\/\/unlivre-unreve.fr\/wp-content\/uploads\/2025\/01\/Design-porte-2-768x432.png 768w, https:\/\/unlivre-unreve.fr\/wp-content\/uploads\/2025\/01\/Design-porte-2-1536x864.png 1536w, https:\/\/unlivre-unreve.fr\/wp-content\/uploads\/2025\/01\/Design-porte-2.png 1600w\" sizes=\"(max-width: 1024px) 100vw, 1024px\" \/><\/figure>\n<!-- \/wp:image -->\t\t\t\t\t\t\t\t<\/div>\n\t\t\t\t<\/div>\n\t\t\t\t\t<\/div>\n\t\t\t\t<\/div>\n\t\t\t\t<\/div>\n\t\t","protected":false},"excerpt":{"rendered":"<p>Une introduction&#8230; En peu de mots, comment vous r\u00e9sumer mon parcours ? Un vrai d\u00e9fi pour moi, si grande adepte [&hellip;]<\/p>\n","protected":false},"author":1,"featured_media":0,"parent":0,"menu_order":0,"comment_status":"closed","ping_status":"closed","template":"","meta":{"_acf_changed":false,"site-sidebar-layout":"default","site-content-layout":"","ast-site-content-layout":"","site-content-style":"default","site-sidebar-style":"default","ast-global-header-display":"","ast-banner-title-visibility":"","ast-main-header-display":"","ast-hfb-above-header-display":"","ast-hfb-below-header-display":"","ast-hfb-mobile-header-display":"","site-post-title":"disabled","ast-breadcrumbs-content":"","ast-featured-img":"","footer-sml-layout":"","theme-transparent-header-meta":"","adv-header-id-meta":"","stick-header-meta":"","header-above-stick-meta":"","header-main-stick-meta":"","header-below-stick-meta":"","astra-migrate-meta-layouts":"default","ast-page-background-enabled":"default","ast-page-background-meta":{"desktop":{"background-color":"var(--ast-global-color-4)","background-image":"","background-repeat":"repeat","background-position":"center center","background-size":"auto","background-attachment":"scroll","background-type":"","background-media":"","overlay-type":"","overlay-color":"","overlay-opacity":"","overlay-gradient":""},"tablet":{"background-color":"","background-image":"","background-repeat":"repeat","background-position":"center center","background-size":"auto","background-attachment":"scroll","background-type":"","background-media":"","overlay-type":"","overlay-color":"","overlay-opacity":"","overlay-gradient":""},"mobile":{"background-color":"","background-image":"","background-repeat":"repeat","background-position":"center center","background-size":"auto","background-attachment":"scroll","background-type":"","background-media":"","overlay-type":"","overlay-color":"","overlay-opacity":"","overlay-gradient":""}},"ast-content-background-meta":{"desktop":{"background-color":"var(--ast-global-color-5)","background-image":"","background-repeat":"repeat","background-position":"center center","background-size":"auto","background-attachment":"scroll","background-type":"","background-media":"","overlay-type":"","overlay-color":"","overlay-opacity":"","overlay-gradient":""},"tablet":{"background-color":"var(--ast-global-color-5)","background-image":"","background-repeat":"repeat","background-position":"center center","background-size":"auto","background-attachment":"scroll","background-type":"","background-media":"","overlay-type":"","overlay-color":"","overlay-opacity":"","overlay-gradient":""},"mobile":{"background-color":"var(--ast-global-color-5)","background-image":"","background-repeat":"repeat","background-position":"center center","background-size":"auto","background-attachment":"scroll","background-type":"","background-media":"","overlay-type":"","overlay-color":"","overlay-opacity":"","overlay-gradient":""}},"footnotes":""},"class_list":["post-202","page","type-page","status-publish","hentry"],"acf":[],"_links":{"self":[{"href":"https:\/\/unlivre-unreve.fr\/index.php\/wp-json\/wp\/v2\/pages\/202","targetHints":{"allow":["GET"]}}],"collection":[{"href":"https:\/\/unlivre-unreve.fr\/index.php\/wp-json\/wp\/v2\/pages"}],"about":[{"href":"https:\/\/unlivre-unreve.fr\/index.php\/wp-json\/wp\/v2\/types\/page"}],"author":[{"embeddable":true,"href":"https:\/\/unlivre-unreve.fr\/index.php\/wp-json\/wp\/v2\/users\/1"}],"replies":[{"embeddable":true,"href":"https:\/\/unlivre-unreve.fr\/index.php\/wp-json\/wp\/v2\/comments?post=202"}],"version-history":[{"count":30,"href":"https:\/\/unlivre-unreve.fr\/index.php\/wp-json\/wp\/v2\/pages\/202\/revisions"}],"predecessor-version":[{"id":1484,"href":"https:\/\/unlivre-unreve.fr\/index.php\/wp-json\/wp\/v2\/pages\/202\/revisions\/1484"}],"wp:attachment":[{"href":"https:\/\/unlivre-unreve.fr\/index.php\/wp-json\/wp\/v2\/media?parent=202"}],"curies":[{"name":"wp","href":"https:\/\/api.w.org\/{rel}","templated":true}]}}