{"id":217,"date":"2025-01-04T15:42:04","date_gmt":"2025-01-04T14:42:04","guid":{"rendered":"https:\/\/unlivre-unreve.fr\/?page_id=217"},"modified":"2025-03-12T13:37:09","modified_gmt":"2025-03-12T12:37:09","slug":"reponse-de-la-maison-grasset-a-mon-manuscrit","status":"publish","type":"page","link":"https:\/\/unlivre-unreve.fr\/index.php\/reponse-de-la-maison-grasset-a-mon-manuscrit\/","title":{"rendered":"R\u00e9ponse des Editions Grasset \u00e0 mon manuscrit"},"content":{"rendered":"\n<p class=\"has-x-large-font-size\"><\/p>\n\n\n\n<p class=\"has-text-color has-link-color wp-elements-aff07da3f00da8f867432a742b14c46f\" style=\"color:#2663b4;font-size:27px;font-style:normal;font-weight:600\">R\u00e9ponse des \u00c9ditions Grasset \u00e0 mon Manuscrit<\/p>\n\n\n\n<p class=\"has-ast-global-color-8-color has-text-color has-link-color wp-elements-1093438e53b1af1beaaedd000fcf3234\">Date: Vendredi 20 janvier 2023 \u00e0\u00a015:37<br>Objet : \u00cele et aile<br>A:\u00a0Yvane<\/p>\n\n\n\n<p class=\"has-ast-global-color-8-color has-text-color has-link-color wp-elements-90b960df2796907d24204d20c16f8f50\">Ch\u00e8re Madame,<\/p>\n\n\n\n<p class=\"has-ast-global-color-8-color has-text-color has-link-color wp-elements-f31789ea4bcb1f3f72209070a8c9651d\">Olivier Nora m\u2019a confi\u00e9 votre texte afin que j\u2019en fasse une lecture. Tout d\u2019abord, merci de la confiance et de l\u2019int\u00e9r\u00eat que vous nous avez t\u00e9moign\u00e9s en nous envoyant votre&nbsp;<em>\u00cele et aile<\/em>.<\/p>\n\n\n\n<p class=\"has-ast-global-color-8-color has-text-color has-link-color wp-elements-7f3326f96421e4b48ac898e3fab46826\">Je dois dire que j\u2019ai \u00e9t\u00e9 touch\u00e9e par votre histoire, la rencontre entre ces deux personnages, relation discr\u00e8te, g\u00e9n\u00e9reuse, qui les m\u00e8ne \u00e0 \u00eatre au plus proche de qui ils sont individuellement \u2013 finalement, n\u2019y a-t-il pas de plus belle d\u00e9finition de l\u2019amour&nbsp;? Vous avez sans aucun doute un vrai regard, une sensibilit\u00e9 et du talent. Ceci \u00e9tant dit, nous sommes l\u00e0 assez loin de notre savoir-faire et nous ne saurions comment donner \u00e0 votre roman la visibilit\u00e9 qu\u2019il est en droit d\u2019attendre. Il est difficile de faire exister dans notre catalogue le grand roman d\u2019amour en ces temps difficiles pour le march\u00e9 du livre et de la librairie\u2026<\/p>\n\n\n\n<p class=\"has-ast-global-color-8-color has-text-color has-link-color wp-elements-deb414c3d949a9fdbb8d9cf7f385dda4\">Aussi, je ne peux que vous recommander de vous tourner vers l\u2019un de nos confr\u00e8res \u2013 essayez peut-\u00eatre Albin Michel et Robert Laffont&nbsp;?<\/p>\n\n\n\n<p class=\"has-ast-global-color-8-color has-text-color has-link-color wp-elements-1154f417d1807ca7f36946d5432b538d\">Je vous souhaite tous les succ\u00e8s et vous prie de croire en mes sentiments les plus cordiaux,<\/p>\n\n\n\n<p class=\"has-ast-global-color-8-color has-text-color has-link-color wp-elements-44ff3a0023df5e3060b8ca6cbff519cb\">MT<\/p>\n\n\n\n<p class=\"has-ast-global-color-8-color has-text-color has-link-color wp-elements-fa4734a372f26af23a83f2278e178ad9\">Pour le Comit\u00e9 de lecture de la Maison Grasset<\/p>\n\n\n\n<p class=\"has-x-large-font-size\"><\/p>\n\n\n\n<p class=\"has-x-large-font-size\"><\/p>\n\n\n\n<p class=\"has-ast-global-color-8-color has-text-color has-link-color wp-elements-54138ca17ee5fbf30fc813642e8f037c\">De&nbsp;:&nbsp;<strong>Yvane <\/strong><br>Date: lundi 20 f\u00e9vrier 2023, 10:59<br>Objet : Remerciements<br>A: THOMPSON MADELEINE<\/p>\n\n\n\n<p class=\"has-ast-global-color-8-color has-text-color has-link-color wp-elements-d609e56577ec72e011df51e88bdbf2bc\">Ch\u00e8re Madame Thompson,<\/p>\n\n\n\n<p class=\"has-ast-global-color-8-color has-text-color has-link-color wp-elements-0a19f7ff9a56d4e75c38b2772046b417\">Permettez que je vous \u00e9crive ce petit mot pour vous remercier de votre courrier personnalis\u00e9 et empli de bont\u00e9 en r\u00e9ponse \u00e0 l\u2019envoi de mon manuscrit.<\/p>\n\n\n\n<p class=\"has-ast-global-color-8-color has-text-color has-link-color wp-elements-6d0a0a82ae2e566999cceebadbfb5c56\">J\u2019ai \u00e9t\u00e9 stup\u00e9faite, -plus encore honor\u00e9e- que vous ayez pris le temps de me donner votre avis, un avis comprenant ressenti, r\u00e9flexion et conseils&nbsp;; sachez qu\u2019il a beaucoup de valeur \u00e0 mes yeux non seulement car j\u2019ai toujours beaucoup appr\u00e9ci\u00e9 la Maison Grasset, embl\u00e8me d\u2019un raffinement litt\u00e9raire et intellectuel irradiant, mais aussi parce que vous \u00eates la premi\u00e8re personne \u00e0 porter un regard spontan\u00e9 et impartial sur mon \u00e9criture.<\/p>\n\n\n\n<p class=\"has-ast-global-color-8-color has-text-color has-link-color wp-elements-22c6805870a3f50c3abd5f3352f10dc3\">Une anecdote que je vous livre en passant et qui m\u2019a ravie&nbsp;: la douce personne aidante de mon h\u00e9ro\u00efne, \u00e0 l\u2019origine, je l\u2019avais pr\u00e9nomm\u00e9e Madeleine, un pr\u00e9nom selon moi d\u00e9tenteur d\u2019une riche \u00e9vocation r\u00e9confortante. Aussi quand votre nom s\u2019est affich\u00e9 sur mon \u00e9cran associ\u00e9 au titre de mon manuscrit, je n\u2019ai pas pu m\u2019emp\u00eacher d\u2019y voir un clin d\u2019\u0153il de la vie&nbsp;!<\/p>\n\n\n\n<p class=\"has-ast-global-color-8-color has-text-color has-link-color wp-elements-98aadb6a17373db6f38f805d33a1a4b4\">J\u2019ai bien \u00e9videmment suivi vos recommandations et fait envoi de mon manuscrit aux coll\u00e8gues \u00e9diteurs que vous m\u2019avez mentionn\u00e9s.<\/p>\n\n\n\n<p class=\"has-ast-global-color-8-color has-text-color has-link-color wp-elements-f02a5f4fab6797b26d6d3c2b78c82d2d\">Sur ce chemin de qu\u00eate, de r\u00eave et de pers\u00e9v\u00e9rance qui est le mien, sachez que vous \u00eates cette bonne \u00e9toile d\u2019encouragement&nbsp;; merci pour cet \u00e9clairage-l\u00e0.<\/p>\n\n\n\n<p class=\"has-ast-global-color-8-color has-text-color has-link-color wp-elements-3473d61fde3d273487f359b280ad7778\">Bien \u00e0 vous,<\/p>\n\n\n\n<p class=\"has-ast-global-color-8-color has-text-color has-link-color wp-elements-457b3596849c00a82f9af2f4eb9d216b\">Yvane Jaff\u00e9-Prevost<\/p>\n","protected":false},"excerpt":{"rendered":"<p>R\u00e9ponse des \u00c9ditions Grasset \u00e0 mon Manuscrit Date: Vendredi 20 janvier 2023 \u00e0\u00a015:37Objet : \u00cele et aileA:\u00a0Yvane Ch\u00e8re Madame, Olivier [&hellip;]<\/p>\n","protected":false},"author":1,"featured_media":0,"parent":0,"menu_order":0,"comment_status":"closed","ping_status":"closed","template":"","meta":{"_acf_changed":false,"site-sidebar-layout":"default","site-content-layout":"","ast-site-content-layout":"","site-content-style":"default","site-sidebar-style":"default","ast-global-header-display":"","ast-banner-title-visibility":"","ast-main-header-display":"","ast-hfb-above-header-display":"","ast-hfb-below-header-display":"","ast-hfb-mobile-header-display":"","site-post-title":"disabled","ast-breadcrumbs-content":"","ast-featured-img":"","footer-sml-layout":"","theme-transparent-header-meta":"","adv-header-id-meta":"","stick-header-meta":"","header-above-stick-meta":"","header-main-stick-meta":"","header-below-stick-meta":"","astra-migrate-meta-layouts":"default","ast-page-background-enabled":"default","ast-page-background-meta":{"desktop":{"background-color":"var(--ast-global-color-4)","background-image":"","background-repeat":"repeat","background-position":"center center","background-size":"auto","background-attachment":"scroll","background-type":"","background-media":"","overlay-type":"","overlay-color":"","overlay-opacity":"","overlay-gradient":""},"tablet":{"background-color":"","background-image":"","background-repeat":"repeat","background-position":"center center","background-size":"auto","background-attachment":"scroll","background-type":"","background-media":"","overlay-type":"","overlay-color":"","overlay-opacity":"","overlay-gradient":""},"mobile":{"background-color":"","background-image":"","background-repeat":"repeat","background-position":"center center","background-size":"auto","background-attachment":"scroll","background-type":"","background-media":"","overlay-type":"","overlay-color":"","overlay-opacity":"","overlay-gradient":""}},"ast-content-background-meta":{"desktop":{"background-color":"var(--ast-global-color-5)","background-image":"","background-repeat":"repeat","background-position":"center center","background-size":"auto","background-attachment":"scroll","background-type":"","background-media":"","overlay-type":"","overlay-color":"","overlay-opacity":"","overlay-gradient":""},"tablet":{"background-color":"var(--ast-global-color-5)","background-image":"","background-repeat":"repeat","background-position":"center center","background-size":"auto","background-attachment":"scroll","background-type":"","background-media":"","overlay-type":"","overlay-color":"","overlay-opacity":"","overlay-gradient":""},"mobile":{"background-color":"var(--ast-global-color-5)","background-image":"","background-repeat":"repeat","background-position":"center center","background-size":"auto","background-attachment":"scroll","background-type":"","background-media":"","overlay-type":"","overlay-color":"","overlay-opacity":"","overlay-gradient":""}},"footnotes":""},"class_list":["post-217","page","type-page","status-publish","hentry"],"acf":[],"_links":{"self":[{"href":"https:\/\/unlivre-unreve.fr\/index.php\/wp-json\/wp\/v2\/pages\/217","targetHints":{"allow":["GET"]}}],"collection":[{"href":"https:\/\/unlivre-unreve.fr\/index.php\/wp-json\/wp\/v2\/pages"}],"about":[{"href":"https:\/\/unlivre-unreve.fr\/index.php\/wp-json\/wp\/v2\/types\/page"}],"author":[{"embeddable":true,"href":"https:\/\/unlivre-unreve.fr\/index.php\/wp-json\/wp\/v2\/users\/1"}],"replies":[{"embeddable":true,"href":"https:\/\/unlivre-unreve.fr\/index.php\/wp-json\/wp\/v2\/comments?post=217"}],"version-history":[{"count":12,"href":"https:\/\/unlivre-unreve.fr\/index.php\/wp-json\/wp\/v2\/pages\/217\/revisions"}],"predecessor-version":[{"id":809,"href":"https:\/\/unlivre-unreve.fr\/index.php\/wp-json\/wp\/v2\/pages\/217\/revisions\/809"}],"wp:attachment":[{"href":"https:\/\/unlivre-unreve.fr\/index.php\/wp-json\/wp\/v2\/media?parent=217"}],"curies":[{"name":"wp","href":"https:\/\/api.w.org\/{rel}","templated":true}]}}