{"id":305,"date":"2025-01-09T15:49:53","date_gmt":"2025-01-09T14:49:53","guid":{"rendered":"https:\/\/unlivre-unreve.fr\/?page_id=305"},"modified":"2025-05-18T15:47:18","modified_gmt":"2025-05-18T13:47:18","slug":"du-vol-des-papillons","status":"publish","type":"page","link":"https:\/\/unlivre-unreve.fr\/index.php\/du-vol-des-papillons\/","title":{"rendered":"Du vol des papillons&#8230;"},"content":{"rendered":"\t\t<div data-elementor-type=\"wp-page\" data-elementor-id=\"305\" class=\"elementor elementor-305\">\n\t\t\t\t<div class=\"elementor-element elementor-element-140fd060 e-flex e-con-boxed e-con e-parent\" data-id=\"140fd060\" data-element_type=\"container\">\n\t\t\t\t\t<div class=\"e-con-inner\">\n\t\t\t\t<div class=\"elementor-element elementor-element-13e8ab5 elementor-widget elementor-widget-text-editor\" data-id=\"13e8ab5\" data-element_type=\"widget\" data-widget_type=\"text-editor.default\">\n\t\t\t\t<div class=\"elementor-widget-container\">\n\t\t\t\t\t\t\t\t\t\n<p class=\"has-medium-font-size\"><\/p>\n\n\n\n<figure class=\"wp-block-image size-large is-resized\"><img fetchpriority=\"high\" decoding=\"async\" width=\"1024\" height=\"1024\" src=\"https:\/\/unlivre-unreve.fr\/wp-content\/uploads\/2025\/01\/papillon-2-1024x1024.png\" alt=\"\" class=\"wp-image-312\" style=\"width:46px;height:auto\" srcset=\"https:\/\/unlivre-unreve.fr\/wp-content\/uploads\/2025\/01\/papillon-2-1024x1024.png 1024w, https:\/\/unlivre-unreve.fr\/wp-content\/uploads\/2025\/01\/papillon-2-300x300.png 300w, https:\/\/unlivre-unreve.fr\/wp-content\/uploads\/2025\/01\/papillon-2-150x150.png 150w, https:\/\/unlivre-unreve.fr\/wp-content\/uploads\/2025\/01\/papillon-2-768x768.png 768w, https:\/\/unlivre-unreve.fr\/wp-content\/uploads\/2025\/01\/papillon-2.png 1200w\" sizes=\"(max-width: 1024px) 100vw, 1024px\" \/><\/figure>\n\n\n\n<p class=\"has-text-align-center has-vivid-purple-color has-text-color has-link-color has-medium-font-size wp-elements-a3f33c254c5786f7f7705aac7a2228aa\"><strong>Du vol des papillons<\/strong>&#8230;<\/p>\n\n\n\n<figure class=\"wp-block-image alignright size-large is-resized\"><img decoding=\"async\" width=\"832\" height=\"1024\" src=\"https:\/\/unlivre-unreve.fr\/wp-content\/uploads\/2025\/01\/papillon-832x1024.png\" alt=\"\" class=\"wp-image-314\" style=\"width:31px;height:auto\" srcset=\"https:\/\/unlivre-unreve.fr\/wp-content\/uploads\/2025\/01\/papillon-832x1024.png 832w, https:\/\/unlivre-unreve.fr\/wp-content\/uploads\/2025\/01\/papillon-244x300.png 244w, https:\/\/unlivre-unreve.fr\/wp-content\/uploads\/2025\/01\/papillon-768x945.png 768w, https:\/\/unlivre-unreve.fr\/wp-content\/uploads\/2025\/01\/papillon.png 920w\" sizes=\"(max-width: 832px) 100vw, 832px\" \/><\/figure>\n\n\n\n<p class=\"has-ast-global-color-2-color has-text-color has-link-color wp-elements-ccac735fe03e4c4718c646a5d6b5c2a8\">Les tout premiers moments d&#8217;un amour naissant sont exquis. On les reconna\u00eet soudain sans forc\u00e9ment les avoir d\u00e9j\u00e0 connus. On peut les avoir esp\u00e9r\u00e9s longtemps, ils arrivent toujours \u00e0 l&#8217;improviste.<br><br>Rien de plus grisant, rien de plus subtil que cette \u00e9motion pure qui atteint l&#8217;\u00e2me sans d\u00e9tour.<br>Direct en plein c\u0153ur.<br><br>Des ailes nous poussent. On ne touche plus terre. Combien d\u2019envols nous ravissent&nbsp;?<br>Il est si doux de s&#8217;\u00e9chapper \u00e0 tout instant, en secret.<br><br>On sait bien pourtant que rien n&#8217;a chang\u00e9 mais \u00e9tonnamment tout est si diff\u00e9rent, tout est si fascinant.<br><br>Nos sens en fusion. Comme un voile arrach\u00e9 et toute entrave lev\u00e9e.<br><br>Un visage, une voix. Irr\u00e9sistible \u00e9moi. Irr\u00e9sistible TOI\u2026<br><br>Et le voyage peut commencer.<br><br>On peut aller si loin quand le c\u0153ur s&#8217;enflamme. Quand les gonds ont c\u00e9d\u00e9, les cl\u00e9s et tous les scell\u00e9s\u2026 Nous voil\u00e0 libre d&#8217;imaginer, de cr\u00e9er.<br><br>Tous ces battements de c\u0153ur et d&#8217;ailes. D&#8217;un c\u00f4t\u00e9 les pulsations, de l&#8217;autre les papillons.<br><br>C\u0153ur ou ventre, que de sympt\u00f4mes&nbsp;!<br><br>Et dans ce tumulte \u00e0 peine croyable, y croire&nbsp;: tisser mille r\u00eaves -du plus simple au plus insens\u00e9-. Les vivre dans le d\u00e9nuement m\u00eame d&#8217;une passion.<br><br>Au sein de ce myst\u00e8re infini, finir par s&#8217;abandonner.<br><br>Y trouver sa richesse et un bonheur in\u00e9dit.<br><br>Celui d&#8217;aimer et -qui sait peut-\u00eatre- de l&#8217;\u00eatre aussi\u2026<br><br><\/p>\n\n\n\n<p><\/p>\n\t\t\t\t\t\t\t\t<\/div>\n\t\t\t\t<\/div>\n\t\t\t\t\t<\/div>\n\t\t\t\t<\/div>\n\t\t\t\t<\/div>\n\t\t","protected":false},"excerpt":{"rendered":"<p>Du vol des papillons&#8230; Les tout premiers moments d&#8217;un amour naissant sont exquis. On les reconna\u00eet soudain sans forc\u00e9ment les [&hellip;]<\/p>\n","protected":false},"author":1,"featured_media":0,"parent":0,"menu_order":0,"comment_status":"closed","ping_status":"closed","template":"","meta":{"_acf_changed":false,"site-sidebar-layout":"default","site-content-layout":"","ast-site-content-layout":"","site-content-style":"default","site-sidebar-style":"default","ast-global-header-display":"","ast-banner-title-visibility":"","ast-main-header-display":"","ast-hfb-above-header-display":"","ast-hfb-below-header-display":"","ast-hfb-mobile-header-display":"","site-post-title":"disabled","ast-breadcrumbs-content":"","ast-featured-img":"","footer-sml-layout":"","theme-transparent-header-meta":"","adv-header-id-meta":"","stick-header-meta":"","header-above-stick-meta":"","header-main-stick-meta":"","header-below-stick-meta":"","astra-migrate-meta-layouts":"default","ast-page-background-enabled":"default","ast-page-background-meta":{"desktop":{"background-color":"var(--ast-global-color-4)","background-image":"","background-repeat":"repeat","background-position":"center center","background-size":"auto","background-attachment":"scroll","background-type":"","background-media":"","overlay-type":"","overlay-color":"","overlay-opacity":"","overlay-gradient":""},"tablet":{"background-color":"","background-image":"","background-repeat":"repeat","background-position":"center center","background-size":"auto","background-attachment":"scroll","background-type":"","background-media":"","overlay-type":"","overlay-color":"","overlay-opacity":"","overlay-gradient":""},"mobile":{"background-color":"","background-image":"","background-repeat":"repeat","background-position":"center center","background-size":"auto","background-attachment":"scroll","background-type":"","background-media":"","overlay-type":"","overlay-color":"","overlay-opacity":"","overlay-gradient":""}},"ast-content-background-meta":{"desktop":{"background-color":"var(--ast-global-color-5)","background-image":"","background-repeat":"repeat","background-position":"center center","background-size":"auto","background-attachment":"scroll","background-type":"","background-media":"","overlay-type":"","overlay-color":"","overlay-opacity":"","overlay-gradient":""},"tablet":{"background-color":"var(--ast-global-color-5)","background-image":"","background-repeat":"repeat","background-position":"center center","background-size":"auto","background-attachment":"scroll","background-type":"","background-media":"","overlay-type":"","overlay-color":"","overlay-opacity":"","overlay-gradient":""},"mobile":{"background-color":"var(--ast-global-color-5)","background-image":"","background-repeat":"repeat","background-position":"center center","background-size":"auto","background-attachment":"scroll","background-type":"","background-media":"","overlay-type":"","overlay-color":"","overlay-opacity":"","overlay-gradient":""}},"footnotes":""},"class_list":["post-305","page","type-page","status-publish","hentry"],"acf":[],"_links":{"self":[{"href":"https:\/\/unlivre-unreve.fr\/index.php\/wp-json\/wp\/v2\/pages\/305","targetHints":{"allow":["GET"]}}],"collection":[{"href":"https:\/\/unlivre-unreve.fr\/index.php\/wp-json\/wp\/v2\/pages"}],"about":[{"href":"https:\/\/unlivre-unreve.fr\/index.php\/wp-json\/wp\/v2\/types\/page"}],"author":[{"embeddable":true,"href":"https:\/\/unlivre-unreve.fr\/index.php\/wp-json\/wp\/v2\/users\/1"}],"replies":[{"embeddable":true,"href":"https:\/\/unlivre-unreve.fr\/index.php\/wp-json\/wp\/v2\/comments?post=305"}],"version-history":[{"count":9,"href":"https:\/\/unlivre-unreve.fr\/index.php\/wp-json\/wp\/v2\/pages\/305\/revisions"}],"predecessor-version":[{"id":1341,"href":"https:\/\/unlivre-unreve.fr\/index.php\/wp-json\/wp\/v2\/pages\/305\/revisions\/1341"}],"wp:attachment":[{"href":"https:\/\/unlivre-unreve.fr\/index.php\/wp-json\/wp\/v2\/media?parent=305"}],"curies":[{"name":"wp","href":"https:\/\/api.w.org\/{rel}","templated":true}]}}